{"id":7,"date":"2024-03-28T18:01:15","date_gmt":"2024-03-28T18:01:15","guid":{"rendered":"https:\/\/klinse.nl\/?page_id=7"},"modified":"2025-02-26T19:05:24","modified_gmt":"2025-02-26T19:05:24","slug":"home","status":"publish","type":"page","link":"https:\/\/klinse.nl\/","title":{"rendered":"Home"},"content":{"rendered":"\t\t<div data-elementor-type=\"wp-post\" data-elementor-id=\"7\" class=\"elementor elementor-7\">\n\t\t\t\t<div class=\"elementor-element elementor-element-c2dbcae e-flex e-con-boxed e-con e-parent\" data-id=\"c2dbcae\" data-element_type=\"container\" data-settings=\"{&quot;background_background&quot;:&quot;classic&quot;,&quot;shape_divider_bottom&quot;:&quot;tilt&quot;}\" data-core-v316-plus=\"true\">\n\t\t\t\t\t<div class=\"e-con-inner\">\n\t\t\t\t<div class=\"elementor-shape elementor-shape-bottom\" data-negative=\"false\">\n\t\t\t<svg xmlns=\"http:\/\/www.w3.org\/2000\/svg\" viewBox=\"0 0 1000 100\" preserveAspectRatio=\"none\">\n\t<path class=\"elementor-shape-fill\" d=\"M0,6V0h1000v100L0,6z\"\/>\n<\/svg>\t\t<\/div>\n\t\t\t\t<div class=\"elementor-element elementor-element-8470dbe elementor-widget elementor-widget-text-editor\" data-id=\"8470dbe\" data-element_type=\"widget\" data-widget_type=\"text-editor.default\">\n\t\t\t\t<div class=\"elementor-widget-container\">\n\t\t\t<style>\/*! elementor - v3.20.0 - 26-03-2024 *\/\n.elementor-widget-text-editor.elementor-drop-cap-view-stacked .elementor-drop-cap{background-color:#69727d;color:#fff}.elementor-widget-text-editor.elementor-drop-cap-view-framed .elementor-drop-cap{color:#69727d;border:3px solid;background-color:transparent}.elementor-widget-text-editor:not(.elementor-drop-cap-view-default) .elementor-drop-cap{margin-top:8px}.elementor-widget-text-editor:not(.elementor-drop-cap-view-default) .elementor-drop-cap-letter{width:1em;height:1em}.elementor-widget-text-editor .elementor-drop-cap{float:left;text-align:center;line-height:1;font-size:50px}.elementor-widget-text-editor .elementor-drop-cap-letter{display:inline-block}<\/style>\t\t\t\t<h3>Specialist in<\/h3><h1>Pneumatiek &amp; Procesafsluiters<\/h1>\t\t\t\t\t\t<\/div>\n\t\t\t\t<\/div>\n\t\t\t\t\t<\/div>\n\t\t\t\t<\/div>\n\t\t<div class=\"elementor-element elementor-element-36df3dd e-flex e-con-boxed e-con e-parent\" data-id=\"36df3dd\" data-element_type=\"container\" data-core-v316-plus=\"true\">\n\t\t\t\t\t<div class=\"e-con-inner\">\n\t\t<div class=\"elementor-element elementor-element-f4d3b09 e-con-full e-flex e-con e-child\" data-id=\"f4d3b09\" data-element_type=\"container\">\n\t\t\t\t<div class=\"elementor-element elementor-element-4e3ec02 elementor-widget elementor-widget-text-editor\" data-id=\"4e3ec02\" data-element_type=\"widget\" data-widget_type=\"text-editor.default\">\n\t\t\t\t<div class=\"elementor-widget-container\">\n\t\t\t\t\t\t\t<h2>Effici\u00ebnte Oplossingen<\/h2><p>Klinse is een technisch handelsbedrijf uit Tilburg, gespecialiseerd in pneumatiek en procesafsluiters. Met tientallen jaren ervaring in verschillende industrie\u00ebn adviseren en begeleiden wij onze klanten bij de toepassing en ontwikkeling van industri\u00eble productieautomatisering. Met expertise in inkoop, verkoop, logistiek en projectmanagement zorgen wij voor effici\u00ebnte en betrouwbare oplossingen. Onze focus ligt op kwaliteit, innovatie en maatwerk, zodat uw processen optimaal presteren.<\/p><p><strong>Neem voor meer informatie of advies contact met ons op via het contactformulier.<\/strong><\/p>\t\t\t\t\t\t<\/div>\n\t\t\t\t<\/div>\n\t\t\t\t<\/div>\n\t\t<div class=\"elementor-element elementor-element-9da60ab e-con-full e-flex e-con e-child\" data-id=\"9da60ab\" data-element_type=\"container\" data-settings=\"{&quot;background_background&quot;:&quot;classic&quot;}\">\n\t\t\t\t<div class=\"elementor-element elementor-element-6f24b76 elementor-widget elementor-widget-text-editor\" data-id=\"6f24b76\" data-element_type=\"widget\" data-widget_type=\"text-editor.default\">\n\t\t\t\t<div class=\"elementor-widget-container\">\n\t\t\t\t\t\t\t<h4>Neem contact op<\/h4>\t\t\t\t\t\t<\/div>\n\t\t\t\t<\/div>\n\t\t\t\t<div class=\"elementor-element elementor-element-1458b7e elementor-widget elementor-widget-shortcode\" data-id=\"1458b7e\" data-element_type=\"widget\" data-widget_type=\"shortcode.default\">\n\t\t\t\t<div class=\"elementor-widget-container\">\n\t\t\t\t\t<div class=\"elementor-shortcode\"><div class=\"frm_forms  with_frm_style frm_style_formidable-stijlen\" id=\"frm_form_2_container\" data-token=\"1e883f8287b37247ea0bfc76dfd8f229\">\n<form enctype=\"multipart\/form-data\" method=\"post\" class=\"frm-show-form \" id=\"form_contact\" data-token=\"1e883f8287b37247ea0bfc76dfd8f229\">\n<div class=\"frm_form_fields \">\n<fieldset>\n<legend class=\"frm_screen_reader\">Contact<\/legend>\r\n\r\n<div class=\"frm_fields_container\">\n<input type=\"hidden\" name=\"frm_action\" value=\"create\" \/>\n<input type=\"hidden\" name=\"form_id\" value=\"2\" \/>\n<input type=\"hidden\" name=\"frm_hide_fields_2\" id=\"frm_hide_fields_2\" value=\"\" \/>\n<input type=\"hidden\" name=\"form_key\" value=\"contact\" \/>\n<input type=\"hidden\" name=\"item_meta[0]\" value=\"\" \/>\n<input type=\"hidden\" id=\"frm_submit_entry_2\" name=\"frm_submit_entry_2\" value=\"2089334e1d\" \/><input type=\"hidden\" name=\"_wp_http_referer\" value=\"\/index.php?rest_route=%2Fwp%2Fv2%2Fpages%2F7\" \/><div id=\"frm_field_7_container\" class=\"frm_form_field form-field  frm_inside_container frm6 frm_first\">\r\n\t<label for=\"field_f20q9\" id=\"field_f20q9_label\" class=\"frm_primary_label\">Voornaam\r\n\t\t<span class=\"frm_required\" aria-hidden=\"true\"><\/span>\r\n\t<\/label>\r\n\t<input type=\"text\" id=\"field_f20q9\" name=\"item_meta[7]\" value=\"\"  data-invmsg=\"Voornaam is ongeldig\" aria-invalid=\"false\"  \/>\r\n\t\r\n\t\r\n<\/div>\n<div id=\"frm_field_8_container\" class=\"frm_form_field form-field  frm_inside_container frm6\">\r\n\t<label for=\"field_2i2zt\" id=\"field_2i2zt_label\" class=\"frm_primary_label\">Achternaam\r\n\t\t<span class=\"frm_required\" aria-hidden=\"true\"><\/span>\r\n\t<\/label>\r\n\t<input type=\"text\" id=\"field_2i2zt\" name=\"item_meta[8]\" value=\"\"  data-invmsg=\"Achternaam is ongeldig\" aria-invalid=\"false\"  \/>\r\n\t\r\n\t\r\n<\/div>\n<div id=\"frm_field_9_container\" class=\"frm_form_field form-field  frm_inside_container\">\r\n\t<label for=\"field_u9qhi\" id=\"field_u9qhi_label\" class=\"frm_primary_label\">Bedrijfsnaam\r\n\t\t<span class=\"frm_required\" aria-hidden=\"true\"><\/span>\r\n\t<\/label>\r\n\t<input type=\"text\" id=\"field_u9qhi\" name=\"item_meta[9]\" value=\"\"  data-invmsg=\"Bedrijfsnaam is ongeldig\" aria-invalid=\"false\"  \/>\r\n\t\r\n\t\r\n<\/div>\n<div id=\"frm_field_10_container\" class=\"frm_form_field form-field  frm_inside_container\">\r\n\t<label for=\"field_az2kj\" id=\"field_az2kj_label\" class=\"frm_primary_label\">E-mail\r\n\t\t<span class=\"frm_required\" aria-hidden=\"true\"><\/span>\r\n\t<\/label>\r\n\t<input type=\"email\" id=\"field_az2kj\" name=\"item_meta[10]\" value=\"\"  data-invmsg=\"E-mail is ongeldig\" aria-invalid=\"false\"  \/>\r\n\t\r\n\t\r\n<\/div>\n<div id=\"frm_field_11_container\" class=\"frm_form_field form-field  frm_inside_container\">\r\n\t<label for=\"field_n5ws3\" id=\"field_n5ws3_label\" class=\"frm_primary_label\">Telefoon\r\n\t\t<span class=\"frm_required\" aria-hidden=\"true\"><\/span>\r\n\t<\/label>\r\n\t<input type=\"tel\" id=\"field_n5ws3\" name=\"item_meta[11]\" value=\"\"  data-invmsg=\"Telefoon is ongeldig\" aria-invalid=\"false\" pattern=\"((\\+\\d{1,3}(-|.| )?\\(?\\d\\)?(-| |.)?\\d{1,5})|(\\(?\\d{2,6}\\)?))(-|.| )?(\\d{3,4})(-|.| )?(\\d{4})(( x| ext)\\d{1,5}){0,1}$\"  \/>\r\n\t\r\n\t\r\n<\/div>\n<div id=\"frm_field_12_container\" class=\"frm_form_field form-field  frm_inside_container\">\r\n\t<label for=\"field_eojev\" id=\"field_eojev_label\" class=\"frm_primary_label\">Uw vraag of bericht\r\n\t\t<span class=\"frm_required\" aria-hidden=\"true\"><\/span>\r\n\t<\/label>\r\n\t<textarea name=\"item_meta[12]\" id=\"field_eojev\" rows=\"5\"  data-invmsg=\"Uw vraag of bericht is ongeldig\" aria-invalid=\"false\"  ><\/textarea>\r\n\t\r\n\t\r\n<\/div>\n<div id=\"frm_field_6_container\" class=\"frm_form_field form-field \">\r\n\t<div class=\"frm_submit frm_flex\">\r\n<button class=\"frm_button_submit\" type=\"submit\"  >Verzenden<\/button>\r\n\r\n\r\n\r\n<\/div>\r\n<\/div>\n\t<input type=\"hidden\" name=\"item_key\" value=\"\" \/>\n\t\t\t\t<div class=\"frm__67bf5aa4c21eb\">\n\t\t\t\t<label for=\"frm_email_2\" >\n\t\t\t\t\tIndien je een mens bent, laat dit veld leeg:.\t\t\t\t<\/label>\n\t\t\t\t<input  id=\"frm_email_2\" type=\"text\" class=\"frm_verify\" name=\"frm__67bf5aa4c21eb\" value=\"\" autocomplete=\"off\"  \/>\n\t\t\t<\/div>\n\t\t<\/div>\n<\/fieldset>\n<\/div>\n\n<\/form>\n<\/div>\n<\/div>\n\t\t\t\t<\/div>\n\t\t\t\t<\/div>\n\t\t\t\t<\/div>\n\t\t\t\t\t<\/div>\n\t\t\t\t<\/div>\n\t\t<div class=\"elementor-element elementor-element-c7131bd e-flex e-con-boxed e-con e-parent\" data-id=\"c7131bd\" data-element_type=\"container\" data-core-v316-plus=\"true\">\n\t\t\t\t\t<div class=\"e-con-inner\">\n\t\t\t\t<div class=\"elementor-element elementor-element-c70b0e1 elementor-widget elementor-widget-text-editor\" data-id=\"c70b0e1\" data-element_type=\"widget\" data-widget_type=\"text-editor.default\">\n\t\t\t\t<div class=\"elementor-widget-container\">\n\t\t\t\t\t\t\t<h2>Onze partner<\/h2>\t\t\t\t\t\t<\/div>\n\t\t\t\t<\/div>\n\t\t\t\t<div class=\"elementor-element elementor-element-e9e99d2 elementor-widget elementor-widget-image\" data-id=\"e9e99d2\" data-element_type=\"widget\" data-widget_type=\"image.default\">\n\t\t\t\t<div class=\"elementor-widget-container\">\n\t\t\t<style>\/*! elementor - v3.20.0 - 26-03-2024 *\/\n.elementor-widget-image{text-align:center}.elementor-widget-image a{display:inline-block}.elementor-widget-image a img[src$=\".svg\"]{width:48px}.elementor-widget-image img{vertical-align:middle;display:inline-block}<\/style>\t\t\t\t\t\t\t\t\t\t\t<a href=\"https:\/\/www.smc.eu\/nl-nl\/products\" target=\"_blank\">\n\t\t\t\t\t\t\t<img fetchpriority=\"high\" decoding=\"async\" width=\"800\" height=\"255\" src=\"https:\/\/klinse.nl\/wp-content\/uploads\/2025\/02\/Logo_SMC_Corporation.svg-1024x326.png\" class=\"attachment-large size-large wp-image-115\" alt=\"\" srcset=\"https:\/\/klinse.nl\/wp-content\/uploads\/2025\/02\/Logo_SMC_Corporation.svg-1024x326.png 1024w, https:\/\/klinse.nl\/wp-content\/uploads\/2025\/02\/Logo_SMC_Corporation.svg-300x96.png 300w, https:\/\/klinse.nl\/wp-content\/uploads\/2025\/02\/Logo_SMC_Corporation.svg-768x245.png 768w, https:\/\/klinse.nl\/wp-content\/uploads\/2025\/02\/Logo_SMC_Corporation.svg-1536x490.png 1536w, https:\/\/klinse.nl\/wp-content\/uploads\/2025\/02\/Logo_SMC_Corporation.svg-2048x653.png 2048w\" sizes=\"(max-width: 800px) 100vw, 800px\" \/>\t\t\t\t\t\t\t\t<\/a>\n\t\t\t\t\t\t\t\t\t\t\t\t\t<\/div>\n\t\t\t\t<\/div>\n\t\t\t\t\t<\/div>\n\t\t\t\t<\/div>\n\t\t\t\t<\/div>\n\t\t","protected":false},"excerpt":{"rendered":"<p>Specialist in Pneumatiek &amp; Procesafsluiters Effici\u00ebnte Oplossingen Klinse is een technisch handelsbedrijf uit Tilburg, gespecialiseerd in pneumatiek en procesafsluiters. Met tientallen jaren ervaring in verschillende industrie\u00ebn adviseren en begeleiden wij onze klanten bij de toepassing en ontwikkeling van industri\u00eble productieautomatisering. Met expertise in inkoop, verkoop, logistiek en projectmanagement zorgen wij voor effici\u00ebnte en betrouwbare oplossingen. [&hellip;]<\/p>\n","protected":false},"author":1,"featured_media":0,"parent":0,"menu_order":0,"comment_status":"closed","ping_status":"closed","template":"elementor_canvas","meta":{"footnotes":""},"class_list":["post-7","page","type-page","status-publish","hentry"],"_links":{"self":[{"href":"https:\/\/klinse.nl\/index.php?rest_route=\/wp\/v2\/pages\/7","targetHints":{"allow":["GET"]}}],"collection":[{"href":"https:\/\/klinse.nl\/index.php?rest_route=\/wp\/v2\/pages"}],"about":[{"href":"https:\/\/klinse.nl\/index.php?rest_route=\/wp\/v2\/types\/page"}],"author":[{"embeddable":true,"href":"https:\/\/klinse.nl\/index.php?rest_route=\/wp\/v2\/users\/1"}],"replies":[{"embeddable":true,"href":"https:\/\/klinse.nl\/index.php?rest_route=%2Fwp%2Fv2%2Fcomments&post=7"}],"version-history":[{"count":44,"href":"https:\/\/klinse.nl\/index.php?rest_route=\/wp\/v2\/pages\/7\/revisions"}],"predecessor-version":[{"id":121,"href":"https:\/\/klinse.nl\/index.php?rest_route=\/wp\/v2\/pages\/7\/revisions\/121"}],"wp:attachment":[{"href":"https:\/\/klinse.nl\/index.php?rest_route=%2Fwp%2Fv2%2Fmedia&parent=7"}],"curies":[{"name":"wp","href":"https:\/\/api.w.org\/{rel}","templated":true}]}}